{"id":36,"date":"2026-03-17T10:08:35","date_gmt":"2026-03-17T09:08:35","guid":{"rendered":"https:\/\/andaluciafrutosdelsur.mlgserver.com\/?page_id=36"},"modified":"2026-03-27T11:13:02","modified_gmt":"2026-03-27T10:13:02","slug":"productos","status":"publish","type":"page","link":"https:\/\/andaluciafrutosdelsur.mlgserver.com\/index.php\/productos\/","title":{"rendered":"Productos"},"content":{"rendered":"\t\t<div data-elementor-type=\"wp-page\" data-elementor-id=\"36\" class=\"elementor elementor-36\" data-elementor-post-type=\"page\">\n\t\t\t\t<div class=\"elementor-element elementor-element-2a37ae2 e-flex e-con-boxed e-con e-parent\" data-id=\"2a37ae2\" data-element_type=\"container\" data-e-type=\"container\">\n\t\t\t\t\t<div class=\"e-con-inner\">\n\t\t<div class=\"elementor-element elementor-element-0ccceaa e-con-full e-flex e-con e-child\" data-id=\"0ccceaa\" data-element_type=\"container\" data-e-type=\"container\">\n\t\t\t\t<div class=\"elementor-element elementor-element-4a07ef3 elementor-widget elementor-widget-image\" data-id=\"4a07ef3\" data-element_type=\"widget\" data-e-type=\"widget\" data-widget_type=\"image.default\">\n\t\t\t\t\t\t\t\t\t\t\t\t\t\t\t<img fetchpriority=\"high\" decoding=\"async\" width=\"1024\" height=\"683\" src=\"https:\/\/andaluciafrutosdelsur.mlgserver.com\/wp-content\/uploads\/2026\/03\/calabacines-1024x683.jpg\" class=\"attachment-large size-large wp-image-87\" alt=\"produccion de calabacines\" srcset=\"https:\/\/andaluciafrutosdelsur.mlgserver.com\/wp-content\/uploads\/2026\/03\/calabacines-1024x683.jpg 1024w, https:\/\/andaluciafrutosdelsur.mlgserver.com\/wp-content\/uploads\/2026\/03\/calabacines-300x200.jpg 300w, https:\/\/andaluciafrutosdelsur.mlgserver.com\/wp-content\/uploads\/2026\/03\/calabacines-768x512.jpg 768w, https:\/\/andaluciafrutosdelsur.mlgserver.com\/wp-content\/uploads\/2026\/03\/calabacines.jpg 1536w\" sizes=\"(max-width: 1024px) 100vw, 1024px\" \/>\t\t\t\t\t\t\t\t\t\t\t\t\t\t\t<\/div>\n\t\t\t\t<div class=\"elementor-element elementor-element-5c66dba elementor-widget elementor-widget-heading\" data-id=\"5c66dba\" data-element_type=\"widget\" data-e-type=\"widget\" data-widget_type=\"heading.default\">\n\t\t\t\t\t<h2 class=\"elementor-heading-title elementor-size-default\">Calabacines<\/h2>\t\t\t\t<\/div>\n\t\t\t\t<div class=\"elementor-element elementor-element-c8ca8da elementor-icon-list--layout-inline elementor-align-center elementor-list-item-link-full_width elementor-widget elementor-widget-icon-list\" data-id=\"c8ca8da\" data-element_type=\"widget\" data-e-type=\"widget\" data-widget_type=\"icon-list.default\">\n\t\t\t\t\t\t\t<ul class=\"elementor-icon-list-items elementor-inline-items\">\n\t\t\t\t\t\t\t<li class=\"elementor-icon-list-item elementor-inline-item\">\n\t\t\t\t\t\t\t\t\t\t\t<a href=\"https:\/\/andaluciafrutosdelsur.mlgserver.com\/index.php\/productos\/calabacines\/\">\n\n\t\t\t\t\t\t\t\t\t\t\t<span class=\"elementor-icon-list-text\">CALABAC\u00cdN VERDE<\/span>\n\t\t\t\t\t\t\t\t\t\t\t<\/a>\n\t\t\t\t\t\t\t\t\t<\/li>\n\t\t\t\t\t\t\t\t<li class=\"elementor-icon-list-item elementor-inline-item\">\n\t\t\t\t\t\t\t\t\t\t\t<a href=\"https:\/\/andaluciafrutosdelsur.mlgserver.com\/index.php\/productos\/calabacin-blanco\/\">\n\n\t\t\t\t\t\t\t\t\t\t\t<span class=\"elementor-icon-list-text\">CALABAC\u00cdN BLANCO<\/span>\n\t\t\t\t\t\t\t\t\t\t\t<\/a>\n\t\t\t\t\t\t\t\t\t<\/li>\n\t\t\t\t\t\t<\/ul>\n\t\t\t\t\t\t<\/div>\n\t\t\t\t<\/div>\n\t\t<div class=\"elementor-element elementor-element-7da0248 e-con-full e-flex e-con e-child\" data-id=\"7da0248\" data-element_type=\"container\" data-e-type=\"container\">\n\t\t\t\t<div class=\"elementor-element elementor-element-70b5062 elementor-widget elementor-widget-image\" data-id=\"70b5062\" data-element_type=\"widget\" data-e-type=\"widget\" data-widget_type=\"image.default\">\n\t\t\t\t\t\t\t\t\t\t\t\t\t\t\t<img decoding=\"async\" width=\"1024\" height=\"683\" src=\"https:\/\/andaluciafrutosdelsur.mlgserver.com\/wp-content\/uploads\/2026\/03\/tomates-daniela-1024x683.jpg\" class=\"attachment-large size-large wp-image-88\" alt=\"producci\u00f3n de tomates daniela\" srcset=\"https:\/\/andaluciafrutosdelsur.mlgserver.com\/wp-content\/uploads\/2026\/03\/tomates-daniela-1024x683.jpg 1024w, https:\/\/andaluciafrutosdelsur.mlgserver.com\/wp-content\/uploads\/2026\/03\/tomates-daniela-300x200.jpg 300w, https:\/\/andaluciafrutosdelsur.mlgserver.com\/wp-content\/uploads\/2026\/03\/tomates-daniela-768x512.jpg 768w, https:\/\/andaluciafrutosdelsur.mlgserver.com\/wp-content\/uploads\/2026\/03\/tomates-daniela.jpg 1536w\" sizes=\"(max-width: 1024px) 100vw, 1024px\" \/>\t\t\t\t\t\t\t\t\t\t\t\t\t\t\t<\/div>\n\t\t\t\t<div class=\"elementor-element elementor-element-48b12ec elementor-widget elementor-widget-heading\" data-id=\"48b12ec\" data-element_type=\"widget\" data-e-type=\"widget\" data-widget_type=\"heading.default\">\n\t\t\t\t\t<h2 class=\"elementor-heading-title elementor-size-default\">Tomates<\/h2>\t\t\t\t<\/div>\n\t\t\t\t<div class=\"elementor-element elementor-element-d095806 elementor-icon-list--layout-inline elementor-align-center elementor-list-item-link-full_width elementor-widget elementor-widget-icon-list\" data-id=\"d095806\" data-element_type=\"widget\" data-e-type=\"widget\" data-widget_type=\"icon-list.default\">\n\t\t\t\t\t\t\t<ul class=\"elementor-icon-list-items elementor-inline-items\">\n\t\t\t\t\t\t\t<li class=\"elementor-icon-list-item elementor-inline-item\">\n\t\t\t\t\t\t\t\t\t\t\t<a href=\"https:\/\/andaluciafrutosdelsur.mlgserver.com\/index.php\/productos\/calabacin-blanco\/\">\n\n\t\t\t\t\t\t\t\t\t\t\t<span class=\"elementor-icon-list-text\">DANIELA<\/span>\n\t\t\t\t\t\t\t\t\t\t\t<\/a>\n\t\t\t\t\t\t\t\t\t<\/li>\n\t\t\t\t\t\t\t\t<li class=\"elementor-icon-list-item elementor-inline-item\">\n\t\t\t\t\t\t\t\t\t\t\t<a href=\"https:\/\/andaluciafrutosdelsur.mlgserver.com\/index.php\/productos\/calabacin-blanco\/\">\n\n\t\t\t\t\t\t\t\t\t\t\t<span class=\"elementor-icon-list-text\">RAMA<\/span>\n\t\t\t\t\t\t\t\t\t\t\t<\/a>\n\t\t\t\t\t\t\t\t\t<\/li>\n\t\t\t\t\t\t\t\t<li class=\"elementor-icon-list-item elementor-inline-item\">\n\t\t\t\t\t\t\t\t\t\t\t<a href=\"https:\/\/andaluciafrutosdelsur.mlgserver.com\/index.php\/productos\/calabacin-blanco\/\">\n\n\t\t\t\t\t\t\t\t\t\t\t<span class=\"elementor-icon-list-text\">PERA<\/span>\n\t\t\t\t\t\t\t\t\t\t\t<\/a>\n\t\t\t\t\t\t\t\t\t<\/li>\n\t\t\t\t\t\t\t\t<li class=\"elementor-icon-list-item elementor-inline-item\">\n\t\t\t\t\t\t\t\t\t\t\t<a href=\"https:\/\/andaluciafrutosdelsur.mlgserver.com\/index.php\/productos\/calabacin-blanco\/\">\n\n\t\t\t\t\t\t\t\t\t\t\t<span class=\"elementor-icon-list-text\">ENSALADA<\/span>\n\t\t\t\t\t\t\t\t\t\t\t<\/a>\n\t\t\t\t\t\t\t\t\t<\/li>\n\t\t\t\t\t\t<\/ul>\n\t\t\t\t\t\t<\/div>\n\t\t\t\t<\/div>\n\t\t<div class=\"elementor-element elementor-element-8052c3d e-con-full e-flex e-con e-child\" data-id=\"8052c3d\" data-element_type=\"container\" data-e-type=\"container\">\n\t\t\t\t<div class=\"elementor-element elementor-element-fd701d2 elementor-widget elementor-widget-image\" data-id=\"fd701d2\" data-element_type=\"widget\" data-e-type=\"widget\" data-widget_type=\"image.default\">\n\t\t\t\t\t\t\t\t\t\t\t\t\t\t\t<img decoding=\"async\" width=\"1024\" height=\"683\" src=\"https:\/\/andaluciafrutosdelsur.mlgserver.com\/wp-content\/uploads\/2026\/03\/pepinos-1024x683.png\" class=\"attachment-large size-large wp-image-108\" alt=\"\" srcset=\"https:\/\/andaluciafrutosdelsur.mlgserver.com\/wp-content\/uploads\/2026\/03\/pepinos-1024x683.png 1024w, https:\/\/andaluciafrutosdelsur.mlgserver.com\/wp-content\/uploads\/2026\/03\/pepinos-300x200.png 300w, https:\/\/andaluciafrutosdelsur.mlgserver.com\/wp-content\/uploads\/2026\/03\/pepinos-768x512.png 768w, https:\/\/andaluciafrutosdelsur.mlgserver.com\/wp-content\/uploads\/2026\/03\/pepinos.png 1536w\" sizes=\"(max-width: 1024px) 100vw, 1024px\" \/>\t\t\t\t\t\t\t\t\t\t\t\t\t\t\t<\/div>\n\t\t\t\t<div class=\"elementor-element elementor-element-9909086 elementor-widget elementor-widget-heading\" data-id=\"9909086\" data-element_type=\"widget\" data-e-type=\"widget\" data-widget_type=\"heading.default\">\n\t\t\t\t\t<h2 class=\"elementor-heading-title elementor-size-default\">Pepinos<\/h2>\t\t\t\t<\/div>\n\t\t\t\t<div class=\"elementor-element elementor-element-10c8487 elementor-icon-list--layout-inline elementor-align-center elementor-list-item-link-full_width elementor-widget elementor-widget-icon-list\" data-id=\"10c8487\" data-element_type=\"widget\" data-e-type=\"widget\" data-widget_type=\"icon-list.default\">\n\t\t\t\t\t\t\t<ul class=\"elementor-icon-list-items elementor-inline-items\">\n\t\t\t\t\t\t\t<li class=\"elementor-icon-list-item elementor-inline-item\">\n\t\t\t\t\t\t\t\t\t\t\t<a href=\"https:\/\/andaluciafrutosdelsur.mlgserver.com\/index.php\/productos\/calabacin-blanco\/\">\n\n\t\t\t\t\t\t\t\t\t\t\t<span class=\"elementor-icon-list-text\">ALMER\u00cdA<\/span>\n\t\t\t\t\t\t\t\t\t\t\t<\/a>\n\t\t\t\t\t\t\t\t\t<\/li>\n\t\t\t\t\t\t\t\t<li class=\"elementor-icon-list-item elementor-inline-item\">\n\t\t\t\t\t\t\t\t\t\t\t<a href=\"https:\/\/andaluciafrutosdelsur.mlgserver.com\/index.php\/productos\/calabacin-blanco\/\">\n\n\t\t\t\t\t\t\t\t\t\t\t<span class=\"elementor-icon-list-text\">FRANC\u00c9S<\/span>\n\t\t\t\t\t\t\t\t\t\t\t<\/a>\n\t\t\t\t\t\t\t\t\t<\/li>\n\t\t\t\t\t\t\t\t<li class=\"elementor-icon-list-item elementor-inline-item\">\n\t\t\t\t\t\t\t\t\t\t\t<a href=\"https:\/\/andaluciafrutosdelsur.mlgserver.com\/index.php\/productos\/calabacin-blanco\/\">\n\n\t\t\t\t\t\t\t\t\t\t\t<span class=\"elementor-icon-list-text\">ESPA\u00d1OL<\/span>\n\t\t\t\t\t\t\t\t\t\t\t<\/a>\n\t\t\t\t\t\t\t\t\t<\/li>\n\t\t\t\t\t\t<\/ul>\n\t\t\t\t\t\t<\/div>\n\t\t\t\t<\/div>\n\t\t<div class=\"elementor-element elementor-element-cedcd06 e-con-full e-flex e-con e-child\" data-id=\"cedcd06\" data-element_type=\"container\" data-e-type=\"container\">\n\t\t\t\t<div class=\"elementor-element elementor-element-b459dd4 elementor-widget elementor-widget-image\" data-id=\"b459dd4\" data-element_type=\"widget\" data-e-type=\"widget\" data-widget_type=\"image.default\">\n\t\t\t\t\t\t\t\t\t\t\t\t\t\t\t<img loading=\"lazy\" decoding=\"async\" width=\"1024\" height=\"683\" src=\"https:\/\/andaluciafrutosdelsur.mlgserver.com\/wp-content\/uploads\/2026\/03\/pimientos-de-colores-1024x683.jpg\" class=\"attachment-large size-large wp-image-89\" alt=\"producci\u00f3n de pimientos de colores\" srcset=\"https:\/\/andaluciafrutosdelsur.mlgserver.com\/wp-content\/uploads\/2026\/03\/pimientos-de-colores-1024x683.jpg 1024w, https:\/\/andaluciafrutosdelsur.mlgserver.com\/wp-content\/uploads\/2026\/03\/pimientos-de-colores-300x200.jpg 300w, https:\/\/andaluciafrutosdelsur.mlgserver.com\/wp-content\/uploads\/2026\/03\/pimientos-de-colores-768x512.jpg 768w, https:\/\/andaluciafrutosdelsur.mlgserver.com\/wp-content\/uploads\/2026\/03\/pimientos-de-colores.jpg 1536w\" sizes=\"(max-width: 1024px) 100vw, 1024px\" \/>\t\t\t\t\t\t\t\t\t\t\t\t\t\t\t<\/div>\n\t\t\t\t<div class=\"elementor-element elementor-element-9ccbb1f elementor-widget elementor-widget-heading\" data-id=\"9ccbb1f\" data-element_type=\"widget\" data-e-type=\"widget\" data-widget_type=\"heading.default\">\n\t\t\t\t\t<h2 class=\"elementor-heading-title elementor-size-default\">Pimientos<\/h2>\t\t\t\t<\/div>\n\t\t\t\t<div class=\"elementor-element elementor-element-602e3ae elementor-icon-list--layout-inline elementor-align-center elementor-list-item-link-full_width elementor-widget elementor-widget-icon-list\" data-id=\"602e3ae\" data-element_type=\"widget\" data-e-type=\"widget\" data-widget_type=\"icon-list.default\">\n\t\t\t\t\t\t\t<ul class=\"elementor-icon-list-items elementor-inline-items\">\n\t\t\t\t\t\t\t<li class=\"elementor-icon-list-item elementor-inline-item\">\n\t\t\t\t\t\t\t\t\t\t\t<a href=\"https:\/\/andaluciafrutosdelsur.mlgserver.com\/index.php\/productos\/calabacin-blanco\/\">\n\n\t\t\t\t\t\t\t\t\t\t\t<span class=\"elementor-icon-list-text\">CALIFORNIA VERDE<\/span>\n\t\t\t\t\t\t\t\t\t\t\t<\/a>\n\t\t\t\t\t\t\t\t\t<\/li>\n\t\t\t\t\t\t\t\t<li class=\"elementor-icon-list-item elementor-inline-item\">\n\t\t\t\t\t\t\t\t\t\t\t<a href=\"https:\/\/andaluciafrutosdelsur.mlgserver.com\/index.php\/productos\/calabacin-blanco\/\">\n\n\t\t\t\t\t\t\t\t\t\t\t<span class=\"elementor-icon-list-text\">CALIFORNIA ROJO<\/span>\n\t\t\t\t\t\t\t\t\t\t\t<\/a>\n\t\t\t\t\t\t\t\t\t<\/li>\n\t\t\t\t\t\t\t\t<li class=\"elementor-icon-list-item elementor-inline-item\">\n\t\t\t\t\t\t\t\t\t\t\t<a href=\"https:\/\/andaluciafrutosdelsur.mlgserver.com\/index.php\/productos\/calabacin-blanco\/\">\n\n\t\t\t\t\t\t\t\t\t\t\t<span class=\"elementor-icon-list-text\">LAMUYO VERDE<\/span>\n\t\t\t\t\t\t\t\t\t\t\t<\/a>\n\t\t\t\t\t\t\t\t\t<\/li>\n\t\t\t\t\t\t\t\t<li class=\"elementor-icon-list-item elementor-inline-item\">\n\t\t\t\t\t\t\t\t\t\t\t<a href=\"https:\/\/andaluciafrutosdelsur.mlgserver.com\/index.php\/productos\/calabacin-blanco\/\">\n\n\t\t\t\t\t\t\t\t\t\t\t<span class=\"elementor-icon-list-text\">LAMUYO ROJO<\/span>\n\t\t\t\t\t\t\t\t\t\t\t<\/a>\n\t\t\t\t\t\t\t\t\t<\/li>\n\t\t\t\t\t\t\t\t<li class=\"elementor-icon-list-item elementor-inline-item\">\n\t\t\t\t\t\t\t\t\t\t\t<a href=\"https:\/\/andaluciafrutosdelsur.mlgserver.com\/index.php\/productos\/calabacin-blanco\/\">\n\n\t\t\t\t\t\t\t\t\t\t\t<span class=\"elementor-icon-list-text\">ITALIANO<\/span>\n\t\t\t\t\t\t\t\t\t\t\t<\/a>\n\t\t\t\t\t\t\t\t\t<\/li>\n\t\t\t\t\t\t<\/ul>\n\t\t\t\t\t\t<\/div>\n\t\t\t\t<\/div>\n\t\t<div class=\"elementor-element elementor-element-f3b6f0b e-con-full e-flex e-con e-child\" data-id=\"f3b6f0b\" data-element_type=\"container\" data-e-type=\"container\">\n\t\t\t\t<div class=\"elementor-element elementor-element-9f5f475 elementor-widget elementor-widget-image\" data-id=\"9f5f475\" data-element_type=\"widget\" data-e-type=\"widget\" data-widget_type=\"image.default\">\n\t\t\t\t\t\t\t\t\t\t\t\t\t\t\t<img loading=\"lazy\" decoding=\"async\" width=\"1024\" height=\"683\" src=\"https:\/\/andaluciafrutosdelsur.mlgserver.com\/wp-content\/uploads\/2026\/03\/melones-1024x683.png\" class=\"attachment-large size-large wp-image-152\" alt=\"\" srcset=\"https:\/\/andaluciafrutosdelsur.mlgserver.com\/wp-content\/uploads\/2026\/03\/melones-1024x683.png 1024w, https:\/\/andaluciafrutosdelsur.mlgserver.com\/wp-content\/uploads\/2026\/03\/melones-300x200.png 300w, https:\/\/andaluciafrutosdelsur.mlgserver.com\/wp-content\/uploads\/2026\/03\/melones-768x512.png 768w, https:\/\/andaluciafrutosdelsur.mlgserver.com\/wp-content\/uploads\/2026\/03\/melones.png 1536w\" sizes=\"(max-width: 1024px) 100vw, 1024px\" \/>\t\t\t\t\t\t\t\t\t\t\t\t\t\t\t<\/div>\n\t\t\t\t<div class=\"elementor-element elementor-element-9ac08d1 elementor-widget elementor-widget-heading\" data-id=\"9ac08d1\" data-element_type=\"widget\" data-e-type=\"widget\" data-widget_type=\"heading.default\">\n\t\t\t\t\t<h2 class=\"elementor-heading-title elementor-size-default\">Melones<\/h2>\t\t\t\t<\/div>\n\t\t\t\t<div class=\"elementor-element elementor-element-ddc43a9 elementor-icon-list--layout-inline elementor-align-center elementor-list-item-link-full_width elementor-widget elementor-widget-icon-list\" data-id=\"ddc43a9\" data-element_type=\"widget\" data-e-type=\"widget\" data-widget_type=\"icon-list.default\">\n\t\t\t\t\t\t\t<ul class=\"elementor-icon-list-items elementor-inline-items\">\n\t\t\t\t\t\t\t<li class=\"elementor-icon-list-item elementor-inline-item\">\n\t\t\t\t\t\t\t\t\t\t\t<a href=\"https:\/\/andaluciafrutosdelsur.mlgserver.com\/index.php\/productos\/calabacin-blanco\/\">\n\n\t\t\t\t\t\t\t\t\t\t\t<span class=\"elementor-icon-list-text\">GALIA<\/span>\n\t\t\t\t\t\t\t\t\t\t\t<\/a>\n\t\t\t\t\t\t\t\t\t<\/li>\n\t\t\t\t\t\t\t\t<li class=\"elementor-icon-list-item elementor-inline-item\">\n\t\t\t\t\t\t\t\t\t\t\t<a href=\"https:\/\/andaluciafrutosdelsur.mlgserver.com\/index.php\/productos\/calabacin-blanco\/\">\n\n\t\t\t\t\t\t\t\t\t\t\t<span class=\"elementor-icon-list-text\">CANTALOUPE<\/span>\n\t\t\t\t\t\t\t\t\t\t\t<\/a>\n\t\t\t\t\t\t\t\t\t<\/li>\n\t\t\t\t\t\t\t\t<li class=\"elementor-icon-list-item elementor-inline-item\">\n\t\t\t\t\t\t\t\t\t\t\t<a href=\"https:\/\/andaluciafrutosdelsur.mlgserver.com\/index.php\/productos\/calabacin-blanco\/\">\n\n\t\t\t\t\t\t\t\t\t\t\t<span class=\"elementor-icon-list-text\">PIEL DE SAPO<\/span>\n\t\t\t\t\t\t\t\t\t\t\t<\/a>\n\t\t\t\t\t\t\t\t\t<\/li>\n\t\t\t\t\t\t\t\t<li class=\"elementor-icon-list-item elementor-inline-item\">\n\t\t\t\t\t\t\t\t\t\t\t<a href=\"https:\/\/andaluciafrutosdelsur.mlgserver.com\/index.php\/productos\/calabacin-blanco\/\">\n\n\t\t\t\t\t\t\t\t\t\t\t<span class=\"elementor-icon-list-text\">AMARILLO<\/span>\n\t\t\t\t\t\t\t\t\t\t\t<\/a>\n\t\t\t\t\t\t\t\t\t<\/li>\n\t\t\t\t\t\t<\/ul>\n\t\t\t\t\t\t<\/div>\n\t\t\t\t<\/div>\n\t\t<div class=\"elementor-element elementor-element-be671d3 e-con-full e-flex e-con e-child\" data-id=\"be671d3\" data-element_type=\"container\" data-e-type=\"container\">\n\t\t\t\t<div class=\"elementor-element elementor-element-33c8a3d elementor-widget elementor-widget-image\" data-id=\"33c8a3d\" data-element_type=\"widget\" data-e-type=\"widget\" data-widget_type=\"image.default\">\n\t\t\t\t\t\t\t\t\t\t\t\t\t\t\t<img loading=\"lazy\" decoding=\"async\" width=\"1024\" height=\"683\" src=\"https:\/\/andaluciafrutosdelsur.mlgserver.com\/wp-content\/uploads\/2026\/03\/sandias-1024x683.png\" class=\"attachment-large size-large wp-image-153\" alt=\"\" srcset=\"https:\/\/andaluciafrutosdelsur.mlgserver.com\/wp-content\/uploads\/2026\/03\/sandias-1024x683.png 1024w, https:\/\/andaluciafrutosdelsur.mlgserver.com\/wp-content\/uploads\/2026\/03\/sandias-300x200.png 300w, https:\/\/andaluciafrutosdelsur.mlgserver.com\/wp-content\/uploads\/2026\/03\/sandias-768x512.png 768w, https:\/\/andaluciafrutosdelsur.mlgserver.com\/wp-content\/uploads\/2026\/03\/sandias.png 1536w\" sizes=\"(max-width: 1024px) 100vw, 1024px\" \/>\t\t\t\t\t\t\t\t\t\t\t\t\t\t\t<\/div>\n\t\t\t\t<div class=\"elementor-element elementor-element-b9a769f elementor-widget elementor-widget-heading\" data-id=\"b9a769f\" data-element_type=\"widget\" data-e-type=\"widget\" data-widget_type=\"heading.default\">\n\t\t\t\t\t<h2 class=\"elementor-heading-title elementor-size-default\">Sandias<\/h2>\t\t\t\t<\/div>\n\t\t\t\t<div class=\"elementor-element elementor-element-e287c8a elementor-icon-list--layout-inline elementor-list-item-link-full_width elementor-widget elementor-widget-icon-list\" data-id=\"e287c8a\" data-element_type=\"widget\" data-e-type=\"widget\" data-widget_type=\"icon-list.default\">\n\t\t\t\t\t\t\t<ul class=\"elementor-icon-list-items elementor-inline-items\">\n\t\t\t\t\t\t\t<li class=\"elementor-icon-list-item elementor-inline-item\">\n\t\t\t\t\t\t\t\t\t\t\t<a href=\"https:\/\/andaluciafrutosdelsur.mlgserver.com\/index.php\/productos\/calabacin-blanco\/\">\n\n\t\t\t\t\t\t\t\t\t\t\t<span class=\"elementor-icon-list-text\">NEGRAS<\/span>\n\t\t\t\t\t\t\t\t\t\t\t<\/a>\n\t\t\t\t\t\t\t\t\t<\/li>\n\t\t\t\t\t\t\t\t<li class=\"elementor-icon-list-item elementor-inline-item\">\n\t\t\t\t\t\t\t\t\t\t\t<a href=\"https:\/\/andaluciafrutosdelsur.mlgserver.com\/index.php\/productos\/calabacin-blanco\/\">\n\n\t\t\t\t\t\t\t\t\t\t\t<span class=\"elementor-icon-list-text\">RAYADA<\/span>\n\t\t\t\t\t\t\t\t\t\t\t<\/a>\n\t\t\t\t\t\t\t\t\t<\/li>\n\t\t\t\t\t\t<\/ul>\n\t\t\t\t\t\t<\/div>\n\t\t\t\t<\/div>\n\t\t\t\t\t<\/div>\n\t\t\t\t<\/div>\n\t\t\t\t<\/div>\n\t\t","protected":false},"excerpt":{"rendered":"<p>Calabacines CALABAC\u00cdN VERDE CALABAC\u00cdN BLANCO Tomates DANIELA RAMA PERA ENSALADA Pepinos ALMER\u00cdA FRANC\u00c9S ESPA\u00d1OL Pimientos CALIFORNIA VERDE CALIFORNIA ROJO LAMUYO [&hellip;]<\/p>\n","protected":false},"author":1,"featured_media":0,"parent":0,"menu_order":0,"comment_status":"closed","ping_status":"closed","template":"","meta":{"site-sidebar-layout":"no-sidebar","site-content-layout":"","ast-site-content-layout":"full-width-container","site-content-style":"default","site-sidebar-style":"default","ast-global-header-display":"","ast-banner-title-visibility":"","ast-main-header-display":"","ast-hfb-above-header-display":"","ast-hfb-below-header-display":"","ast-hfb-mobile-header-display":"","site-post-title":"","ast-breadcrumbs-content":"","ast-featured-img":"disabled","footer-sml-layout":"","ast-disable-related-posts":"","theme-transparent-header-meta":"default","adv-header-id-meta":"","stick-header-meta":"","header-above-stick-meta":"","header-main-stick-meta":"","header-below-stick-meta":"","astra-migrate-meta-layouts":"set","ast-page-background-enabled":"default","ast-page-background-meta":{"desktop":{"background-color":"var(--ast-global-color-5)","background-image":"","background-repeat":"repeat","background-position":"center center","background-size":"auto","background-attachment":"scroll","background-type":"","background-media":"","overlay-type":"","overlay-color":"","overlay-opacity":"","overlay-gradient":""},"tablet":{"background-color":"","background-image":"","background-repeat":"repeat","background-position":"center center","background-size":"auto","background-attachment":"scroll","background-type":"","background-media":"","overlay-type":"","overlay-color":"","overlay-opacity":"","overlay-gradient":""},"mobile":{"background-color":"","background-image":"","background-repeat":"repeat","background-position":"center center","background-size":"auto","background-attachment":"scroll","background-type":"","background-media":"","overlay-type":"","overlay-color":"","overlay-opacity":"","overlay-gradient":""}},"ast-content-background-meta":{"desktop":{"background-color":"var(--ast-global-color-4)","background-image":"","background-repeat":"repeat","background-position":"center center","background-size":"auto","background-attachment":"scroll","background-type":"","background-media":"","overlay-type":"","overlay-color":"","overlay-opacity":"","overlay-gradient":""},"tablet":{"background-color":"var(--ast-global-color-4)","background-image":"","background-repeat":"repeat","background-position":"center center","background-size":"auto","background-attachment":"scroll","background-type":"","background-media":"","overlay-type":"","overlay-color":"","overlay-opacity":"","overlay-gradient":""},"mobile":{"background-color":"var(--ast-global-color-4)","background-image":"","background-repeat":"repeat","background-position":"center center","background-size":"auto","background-attachment":"scroll","background-type":"","background-media":"","overlay-type":"","overlay-color":"","overlay-opacity":"","overlay-gradient":""}},"footnotes":""},"class_list":["post-36","page","type-page","status-publish","hentry"],"_links":{"self":[{"href":"https:\/\/andaluciafrutosdelsur.mlgserver.com\/index.php\/wp-json\/wp\/v2\/pages\/36","targetHints":{"allow":["GET"]}}],"collection":[{"href":"https:\/\/andaluciafrutosdelsur.mlgserver.com\/index.php\/wp-json\/wp\/v2\/pages"}],"about":[{"href":"https:\/\/andaluciafrutosdelsur.mlgserver.com\/index.php\/wp-json\/wp\/v2\/types\/page"}],"author":[{"embeddable":true,"href":"https:\/\/andaluciafrutosdelsur.mlgserver.com\/index.php\/wp-json\/wp\/v2\/users\/1"}],"replies":[{"embeddable":true,"href":"https:\/\/andaluciafrutosdelsur.mlgserver.com\/index.php\/wp-json\/wp\/v2\/comments?post=36"}],"version-history":[{"count":16,"href":"https:\/\/andaluciafrutosdelsur.mlgserver.com\/index.php\/wp-json\/wp\/v2\/pages\/36\/revisions"}],"predecessor-version":[{"id":267,"href":"https:\/\/andaluciafrutosdelsur.mlgserver.com\/index.php\/wp-json\/wp\/v2\/pages\/36\/revisions\/267"}],"wp:attachment":[{"href":"https:\/\/andaluciafrutosdelsur.mlgserver.com\/index.php\/wp-json\/wp\/v2\/media?parent=36"}],"curies":[{"name":"wp","href":"https:\/\/api.w.org\/{rel}","templated":true}]}}